{"id":4573,"date":"2025-08-06T20:23:35","date_gmt":"2025-08-06T13:23:35","guid":{"rendered":"https:\/\/vinatpt.com\/lien-he\/"},"modified":"2026-01-12T15:22:21","modified_gmt":"2026-01-12T08:22:21","slug":"lien-he","status":"publish","type":"page","link":"https:\/\/vinatpt.com\/vi\/lien-he\/","title":{"rendered":"LI\u00caN H\u1ec6"},"content":{"rendered":"<div class=\"row\"  id=\"row-110844780\">\n\n\t<div id=\"col-711312608\" class=\"col hide-for-small small-12 large-12\"  >\n\t\t\t\t<div class=\"col-inner\"  >\n\t\t\t\n\t\t\t\n\n  <div class=\"banner has-hover\" id=\"banner-808502322\">\n          <div class=\"banner-inner fill\">\n        <div class=\"banner-bg fill\" >\n            <img loading=\"lazy\" decoding=\"async\" width=\"2560\" height=\"972\" src=\"https:\/\/vinatpt.com\/wp-content\/uploads\/2025\/12\/Vina-TPT-Elements-scaled.webp\" class=\"bg attachment-original size-original\" alt=\"\" \/>                                    \n                    <\/div>\n\t\t\n        <div class=\"banner-layers container\">\n            <div class=\"fill banner-link\"><\/div>            \n   <div id=\"text-box-490349893\" class=\"text-box banner-layer x50 md-x50 lg-x50 y5 md-y5 lg-y5 res-text\">\n                                <div class=\"text-box-content text dark\">\n              \n              <div class=\"text-inner text-center\">\n                  \n\t<div id=\"text-4260847510\" class=\"text\">\n\t\t\n<p>M\u1edf r\u1ed9ng kinh doanh c\u1ee7a b\u1ea1n t\u1ea1i Vi\u1ec7t Nam v\u1edbi s\u1ef1 h\u1ed7 tr\u1ee3 c\u1ee7a chuy\u00ean gia<br \/>\n\t\t\n<style>\n#text-4260847510 {\n  font-size: 1.35rem;\n}\n@media (min-width:850px) {\n  #text-4260847510 {\n    font-size: 2rem;\n  }\n}\n<\/style>\n\t<\/div>\n\t\n              <\/div>\n           <\/div>\n                            \n<style>\n#text-box-490349893 {\n  width: 99%;\n}\n#text-box-490349893 .text-box-content {\n  font-size: 100%;\n}\n@media (min-width:850px) {\n  #text-box-490349893 {\n    width: 81%;\n  }\n}\n<\/style>\n    <\/div>\n \n   <div id=\"text-box-1376776809\" class=\"text-box banner-layer x95 md-x95 lg-x80 y100 md-y100 lg-y95 res-text\">\n                                <div class=\"text-box-content text dark\">\n              \n              <div class=\"text-inner text-center\">\n                  \n\t<div id=\"text-394380504\" class=\"text\">\n\t\t\n<h3><strong>\u0110\u1eb7t l\u1ecbch t\u01b0 v\u1ea5n 30 ph\u00fat mi\u1ec5n ph\u00ed <\/strong><\/h3>\n\t\t\n<style>\n#text-394380504 {\n  font-size: 0.75rem;\n  text-align: left;\n  color: rgb(248, 182, 63);\n}\n#text-394380504 > * {\n  color: rgb(248, 182, 63);\n}\n<\/style>\n\t<\/div>\n\t\n\t<div id=\"text-2493409990\" class=\"text\">\n\t\t\n<p>H\u00e3y li\u00ean h\u1ec7 v\u1edbi chuy\u00ean gia t\u01b0 v\u1ea5n c\u1ee7a ch\u00fang t\u00f4i \u0111\u1ec3 nh\u1eadn \u0111\u01b0\u1ee3c gi\u1ea3i ph\u00e1p cho doanh nghi\u1ec7p c\u1ee7a b\u1ea1n t\u1ea1i Vi\u1ec7t Nam.<br \/>\n\t\t\n<style>\n#text-2493409990 {\n  font-size: 0.95rem;\n  text-align: left;\n}\n@media (min-width:850px) {\n  #text-2493409990 {\n    font-size: 1.25rem;\n  }\n}\n<\/style>\n\t<\/div>\n\t\n\t<div id=\"text-1841802629\" class=\"text\">\n\t\t\n<ul>\n<li><em>H\u00e3y cho ch\u00fang t\u00f4i bi\u1ebft v\u1ec1 k\u1ebf ho\u1ea1ch kinh doanh c\u1ee7a b\u1ea1n.<\/em><\/li>\n<li><em>Nh\u1eadn h\u01b0\u1edbng d\u1eabn ph\u00f9 h\u1ee3p t\u1eeb c\u00e1c chuy\u00ean gia c\u1ee7a ch\u00fang t\u00f4i<\/em><\/li>\n<li><em>H\u1ecfi ch\u00fang t\u00f4i b\u1ea5t c\u1ee9 \u0111i\u1ec1u g\u00ec tr\u1ef1c ti\u1ebfp.<\/em><\/li>\n<\/ul>\n<div id=\"gtx-trans\" style=\"position: absolute; left: -31px; top: -11.6094px;\">\n<div class=\"gtx-trans-icon\"><\/div>\n<\/div>\n\t\t\n<style>\n#text-1841802629 {\n  text-align: left;\n}\n<\/style>\n\t<\/div>\n\t\n              <\/div>\n           <\/div>\n                            \n<style>\n#text-box-1376776809 {\n  width: 76%;\n}\n#text-box-1376776809 .text-box-content {\n  font-size: 100%;\n}\n@media (min-width:550px) {\n  #text-box-1376776809 {\n    width: 60%;\n  }\n}\n@media (min-width:850px) {\n  #text-box-1376776809 {\n    width: 40%;\n  }\n}\n<\/style>\n    <\/div>\n \n        <\/div>\n      <\/div>\n\n              <div class=\"height-fix is-invisible\"><img loading=\"lazy\" decoding=\"async\" width=\"2560\" height=\"972\" src=\"https:\/\/vinatpt.com\/wp-content\/uploads\/2025\/12\/Vina-TPT-Elements-scaled.webp\" class=\"attachment-original size-original\" alt=\"\" srcset=\"https:\/\/vinatpt.com\/wp-content\/uploads\/2025\/12\/Vina-TPT-Elements-scaled.webp 2560w, https:\/\/vinatpt.com\/wp-content\/uploads\/2025\/12\/Vina-TPT-Elements-300x114.webp 300w, https:\/\/vinatpt.com\/wp-content\/uploads\/2025\/12\/Vina-TPT-Elements-1024x389.webp 1024w, https:\/\/vinatpt.com\/wp-content\/uploads\/2025\/12\/Vina-TPT-Elements-768x292.webp 768w, https:\/\/vinatpt.com\/wp-content\/uploads\/2025\/12\/Vina-TPT-Elements-1536x583.webp 1536w, https:\/\/vinatpt.com\/wp-content\/uploads\/2025\/12\/Vina-TPT-Elements-2048x777.webp 2048w\" sizes=\"auto, (max-width: 2560px) 100vw, 2560px\" \/><\/div>\n            \n<style>\n#banner-808502322 .banner-bg img {\n  object-position: 27% 15%;\n}\n<\/style>\n  <\/div>\n\n\n\t\t<\/div>\n\t\t\t\t\t<\/div>\n\n\t\n\n\t<div id=\"col-1841424288\" class=\"col small-12 large-12\"  >\n\t\t\t\t<div class=\"col-inner\"  >\n\t\t\t\n\t\t\t\n<div class=\"container section-title-container\" ><h3 class=\"section-title section-title-center\"><b aria-hidden=\"true\"><\/b><span class=\"section-title-main\" >LI\u00caN H\u1ec6 NGAY<\/span><b aria-hidden=\"true\"><\/b><\/h3><\/div>\n<div class=\"row row-large row-full-width\"  id=\"row-1914446082\">\n\n\t<div id=\"col-1959993588\" class=\"col medium-5 small-12 large-5\"  >\n\t\t\t\t<div class=\"col-inner text-left\"  >\n\t\t\t\n\t\t\t\n\n<div class=\"wpcf7 no-js\" id=\"wpcf7-f5520-o1\" lang=\"vi\" dir=\"ltr\" data-wpcf7-id=\"5520\">\n<div class=\"screen-reader-response\"><p role=\"status\" aria-live=\"polite\" aria-atomic=\"true\"><\/p> <ul><\/ul><\/div>\n<form action=\"\/vi\/wp-json\/wp\/v2\/pages\/4573#wpcf7-f5520-o1\" method=\"post\" class=\"wpcf7-form init\" aria-label=\"Form li\u00ean h\u1ec7\" novalidate=\"novalidate\" data-status=\"init\">\n<fieldset class=\"hidden-fields-container\"><input type=\"hidden\" name=\"_wpcf7\" value=\"5520\" \/><input type=\"hidden\" name=\"_wpcf7_version\" value=\"6.1.5\" \/><input type=\"hidden\" name=\"_wpcf7_locale\" value=\"vi\" \/><input type=\"hidden\" name=\"_wpcf7_unit_tag\" value=\"wpcf7-f5520-o1\" \/><input type=\"hidden\" name=\"_wpcf7_container_post\" value=\"0\" \/><input type=\"hidden\" name=\"_wpcf7_posted_data_hash\" value=\"\" \/>\n<\/fieldset>\n<p><label> H\u1ecd v\u00e0 t\u00ean:<br \/>\n<span class=\"wpcf7-form-control-wrap\" data-name=\"your-name\"><input size=\"40\" maxlength=\"400\" class=\"wpcf7-form-control wpcf7-text wpcf7-validates-as-required\" autocomplete=\"name\" aria-required=\"true\" aria-invalid=\"false\" value=\"\" type=\"text\" name=\"your-name\" \/><\/span> <\/label>\n<\/p>\n<p><label> S\u1ed1 \u0111i\u1ec7n tho\u1ea1i:<br \/>\n<span class=\"wpcf7-form-control-wrap\" data-name=\"your-tel\"><input size=\"40\" maxlength=\"400\" class=\"wpcf7-form-control wpcf7-tel wpcf7-validates-as-required wpcf7-text wpcf7-validates-as-tel\" autocomplete=\"tel\" aria-required=\"true\" aria-invalid=\"false\" value=\"\" type=\"tel\" name=\"your-tel\" \/><\/span> <\/label>\n<\/p>\n<p><label> Email:<br \/>\n<span class=\"wpcf7-form-control-wrap\" data-name=\"your-email\"><input size=\"40\" maxlength=\"400\" class=\"wpcf7-form-control wpcf7-email wpcf7-validates-as-required wpcf7-text wpcf7-validates-as-email\" autocomplete=\"email\" aria-required=\"true\" aria-invalid=\"false\" value=\"\" type=\"email\" name=\"your-email\" \/><\/span> <\/label><br \/>\n<label> Ch\u1ecdn d\u1ecbch v\u1ee5 b\u1ea1n c\u1ea7n t\u01b0 v\u1ea5n:<br \/>\n<span class=\"wpcf7-form-control-wrap\" data-name=\"select-465\"><select class=\"wpcf7-form-control wpcf7-select\" aria-invalid=\"false\" name=\"select-465\"><option value=\"T\u01b0 v\u1ea5n Thu\u1ebf\">T\u01b0 v\u1ea5n Thu\u1ebf<\/option><option value=\"T\u01b0 v\u1ea5n Nh\u00e2n s\u1ef1\">T\u01b0 v\u1ea5n Nh\u00e2n s\u1ef1<\/option><option value=\"T\u00e0i ch\u00ednh &amp; K\u1ebf to\u00e1n\">T\u00e0i ch\u00ednh &amp; K\u1ebf to\u00e1n<\/option><option value=\"T\u01b0 v\u1ea5n Doanh nghi\u1ec7p\">T\u01b0 v\u1ea5n Doanh nghi\u1ec7p<\/option><\/select><\/span> <\/label>\n<\/p>\n<p><label> Chi ti\u1ebft y\u00eau c\u1ea7u ho\u1eb7c t\u01b0 v\u1ea5n<br \/>\n<span class=\"wpcf7-form-control-wrap\" data-name=\"text-115\"><input size=\"40\" maxlength=\"400\" class=\"wpcf7-form-control wpcf7-text\" aria-invalid=\"false\" value=\"\" type=\"text\" name=\"text-115\" \/><\/span> <\/label>\n<\/p>\n<p><input class=\"wpcf7-form-control wpcf7-submit has-spinner\" type=\"submit\" value=\"G\u1eedi\" \/>\n<\/p><div class=\"wpcf7-response-output\" aria-hidden=\"true\"><\/div>\n<\/form>\n<\/div>\n\n\t\t<\/div>\n\t\t\t\t\t<\/div>\n\n\t\n\n\t<div id=\"col-158184082\" class=\"col medium-7 small-12 large-7\"  >\n\t\t\t\t<div class=\"col-inner\"  >\n\t\t\t\n\t\t\t\n\t<div id=\"gap-763823848\" class=\"gap-element clearfix\" style=\"display:block; height:auto;\">\n\t\t\n<style>\n#gap-763823848 {\n  padding-top: 20px;\n}\n<\/style>\n\t<\/div>\n\t\n<div class=\"row row-large row-full-width\"  id=\"row-1689886658\">\n\n\t<div id=\"col-1879752879\" class=\"col medium-6 small-12 large-6\"  >\n\t\t\t\t<div class=\"col-inner\"  >\n\t\t\t\n\t\t\t\n<a class=\"button secondary is-outline is-small expand\" style=\"border-radius:99px;\">\n\t\t<span>(D\u00e0nh cho ti\u1ebfng Anh\/ ti\u1ebfng Vi\u1ec7t)<\/span>\n\t<\/a>\n\n<a href=\"tel:+84984980069\" class=\"button secondary is-link\" >\n\t<i class=\"icon-phone\" aria-hidden=\"true\"><\/i>\t<span>+8498 498 0069<\/span>\n\t<\/a>\n\n<a href=\"mailto:infor@vinatpt.com\" class=\"button secondary is-link lowercase\" >\n\t<i class=\"icon-envelop\" aria-hidden=\"true\"><\/i>\t<span>infor@vinatpt.com<\/span>\n\t<\/a>\n\n\t\t<\/div>\n\t\t\t\t\t<\/div>\n\n\t\n\n\t<div id=\"col-789708523\" class=\"col medium-6 small-12 large-6\"  >\n\t\t\t\t<div class=\"col-inner\"  >\n\t\t\t\n\t\t\t\n<a class=\"button secondary is-outline is-small expand\" style=\"border-radius:99px;\">\n\t\t<span>D\u00e0nh cho ti\u1ebfng Nh\u1eadt<\/span>\n\t<\/a>\n\n<a href=\"tel:+84868684710\" class=\"button secondary is-link\" >\n\t<i class=\"icon-phone\" aria-hidden=\"true\"><\/i>\t<span>+8486 868 4710<\/span>\n\t<\/a>\n\n<a href=\"mailto:le.quoc.duy@vinatpt.com\" class=\"button secondary is-link lowercase\" >\n\t<i class=\"icon-envelop\" aria-hidden=\"true\"><\/i>\t<span>le.quoc.duy@vinatpt.com<\/span>\n\t<\/a>\n\n\t\t<\/div>\n\t\t\t\t\t<\/div>\n\n\t\n<\/div>\n<p>Our Office: 5th Floor, More Building, 83B Hoang Sa, Da Kao Ward, District 1, Ho Chi Minh City.<\/p>\n<div class=\"is-divider divider clearfix\" style=\"max-width:100%;background-color:rgb(3, 0, 100);\"><\/div>\n<div class=\"row\"  id=\"row-1531368659\">\n\n\t<div id=\"col-816419012\" class=\"col medium-6 small-12 large-6\"  >\n\t\t\t\t<div class=\"col-inner\"  >\n\t\t\t\n\t\t\t\n<p>K\u1ebft n\u1ed1i v\u1edbi ch\u00fang t\u00f4i tr\u00ean m\u1ea1ng x\u00e3 h\u1ed9i<\/p>\n<div class=\"social-icons follow-icons full-width text-center\" style=\"font-size:139%\"><a href=\"https:\/\/www.facebook.com\/ketoan.vinatpt\" target=\"_blank\" data-label=\"Facebook\" class=\"icon primary button circle tooltip facebook\" title=\"Theo d\u00f5i tr\u00ean Facebook\" aria-label=\"Theo d\u00f5i tr\u00ean Facebook\" rel=\"noopener nofollow\"><i class=\"icon-facebook\" aria-hidden=\"true\"><\/i><\/a><a href=\"https:\/\/www.tiktok.com\/@vinatpt\" target=\"_blank\" data-label=\"TikTok\" class=\"icon primary button circle tooltip tiktok\" title=\"Theo d\u00f5i tr\u00ean TikTok\" aria-label=\"Theo d\u00f5i tr\u00ean TikTok\" rel=\"noopener nofollow\"><i class=\"icon-tiktok\" aria-hidden=\"true\"><\/i><\/a><a href=\"https:\/\/www.linkedin.com\/company\/vina-tpt-company-litmited\/\" data-label=\"LinkedIn\" target=\"_blank\" class=\"icon primary button circle tooltip linkedin\" title=\"Theo d\u00f5i tr\u00ean LinkedIn\" aria-label=\"Theo d\u00f5i tr\u00ean LinkedIn\" rel=\"noopener nofollow\"><i class=\"icon-linkedin\" aria-hidden=\"true\"><\/i><\/a><\/div>\n\t\t<\/div>\n\t\t\t\t\t<\/div>\n\n\t\n\n\t<div id=\"col-624883534\" class=\"col medium-6 small-12 large-6\"  >\n\t\t\t\t<div class=\"col-inner\"  >\n\t\t\t\n\t\t\t\n\n<p><iframe loading=\"lazy\" style=\"border: 0;\" src=\"https:\/\/www.google.com\/maps\/embed?pb=!1m18!1m12!1m3!1d3919.246085020806!2d106.69948967420979!3d10.792454989357257!2m3!1f0!2f0!3f0!3m2!1i1024!2i768!4f13.1!3m3!1m2!1s0x317529e6e35b1aff%3A0x2f531ccf7115737b!2sAccounting%20-%20Tax%20-%20HR%20%26%20Payroll%20Services%20%7C%7C%20VINA%20TPT%20Company%20Limited!5e0!3m2!1svi!2s!4v1756823240587!5m2!1svi!2s\" width=\"100%\" height=\"100%\" allowfullscreen=\"allowfullscreen\"><\/iframe><br \/>\n\n\t\t<\/div>\n\t\t\t\t\t<\/div>\n\n\t\n<\/div>\n\t\t<\/div>\n\t\t\t\t\t<\/div>\n\n\t\n<\/div>\n\t\t<\/div>\n\t\t\t\t\t<\/div>\n\n\t\n<\/div>\n","protected":false},"excerpt":{"rendered":"","protected":false},"author":2,"featured_media":0,"parent":0,"menu_order":0,"comment_status":"closed","ping_status":"closed","template":"","meta":{"footnotes":""},"class_list":["post-4573","page","type-page","status-publish","hentry"],"_links":{"self":[{"href":"https:\/\/vinatpt.com\/vi\/wp-json\/wp\/v2\/pages\/4573","targetHints":{"allow":["GET"]}}],"collection":[{"href":"https:\/\/vinatpt.com\/vi\/wp-json\/wp\/v2\/pages"}],"about":[{"href":"https:\/\/vinatpt.com\/vi\/wp-json\/wp\/v2\/types\/page"}],"author":[{"embeddable":true,"href":"https:\/\/vinatpt.com\/vi\/wp-json\/wp\/v2\/users\/2"}],"replies":[{"embeddable":true,"href":"https:\/\/vinatpt.com\/vi\/wp-json\/wp\/v2\/comments?post=4573"}],"version-history":[{"count":3,"href":"https:\/\/vinatpt.com\/vi\/wp-json\/wp\/v2\/pages\/4573\/revisions"}],"predecessor-version":[{"id":4577,"href":"https:\/\/vinatpt.com\/vi\/wp-json\/wp\/v2\/pages\/4573\/revisions\/4577"}],"wp:attachment":[{"href":"https:\/\/vinatpt.com\/vi\/wp-json\/wp\/v2\/media?parent=4573"}],"curies":[{"name":"wp","href":"https:\/\/api.w.org\/{rel}","templated":true}]}}